{"id":14093,"date":"2014-03-26T14:44:33","date_gmt":"2014-03-26T14:44:33","guid":{"rendered":"http:\/\/demo.qodeinteractive.com\/bridge46\/?page_id=14093"},"modified":"2018-03-20T17:13:18","modified_gmt":"2018-03-20T15:13:18","slug":"our-process","status":"publish","type":"page","link":"https:\/\/asikogluhukukburosu.com\/en\/our-process\/","title":{"rendered":"Our Process"},"content":{"rendered":"<section class=\"wpb-content-wrapper\"><p>[vc_row row_type=&#8221;row&#8221; type=&#8221;grid&#8221; text_align=&#8221;left&#8221; padding_top=&#8221;87&#8243;][vc_column width=&#8221;1\/3&#8243;][vc_separator type=&#8221;transparent&#8221; position=&#8221;center&#8221; up=&#8221;7&#8243; down=&#8221;0&#8243;][vc_single_image image=&#8221;15726&#8243; img_link_target=&#8221;_self&#8221; qode_css_animation=&#8221;element_from_left&#8221; transition_delay=&#8221;0.3&#8243; img_size=&#8221;full&#8221; border_color=&#8221;grey&#8221; img_link_large=&#8221;&#8221;][vc_separator type=&#8221;transparent&#8221; position=&#8221;center&#8221; up=&#8221;15&#8243; down=&#8221;0&#8243;][\/vc_column][vc_column width=&#8221;2\/3&#8243;][vc_separator type=&#8221;transparent&#8221; position=&#8221;center&#8221; up=&#8221;4&#8243; down=&#8221;0&#8243;][vc_column_text]<\/p>\n<h3 style=\"text-align: left;\">CRIMINAL LAW<\/h3>\n<p>[\/vc_column_text][vc_separator type=&#8221;small&#8221; position=&#8221;left&#8221; down=&#8221;20&#8243; up=&#8221;20&#8243;][vc_column_text]Voluntary Manslaughter, Involuntary Manslaughter, Intentional Injury, Reckless Injury, Offense of Threat, Extortion, Deprivation of Liberty\u2026[\/vc_column_text][vc_separator type=&#8221;transparent&#8221; position=&#8221;center&#8221; up=&#8221;0&#8243; down=&#8221;20&#8243;][\/vc_column][\/vc_row][vc_row][vc_column width=&#8221;1\/1&#8243;][vc_separator type=&#8221;transparent&#8221; position=&#8221;center&#8221; up=&#8221;0&#8243; down=&#8221;0&#8243;][\/vc_column][\/vc_row][vc_row row_type=&#8221;row&#8221; type=&#8221;grid&#8221; text_align=&#8221;left&#8221; padding_top=&#8221;96&#8243; use_row_as_full_screen_section=&#8221;no&#8221; background_image_as_pattern=&#8221;without_pattern&#8221;][vc_column width=&#8221;2\/3&#8243;][vc_separator type=&#8221;transparent&#8221; position=&#8221;center&#8221; up=&#8221;4&#8243; down=&#8221;0&#8243;][vc_column_text]<\/p>\n<h3 style=\"text-align: left;\">ENFORCEMENT LAW<\/h3>\n<p>[\/vc_column_text][vc_separator type=&#8221;small&#8221; position=&#8221;left&#8221; down=&#8221;20&#8243; up=&#8221;20&#8243;][vc_column_text]Debt Enforcement Proceedings regarding Court Orders, The preparation of Notary Contracts including certain acknowledgement of debt and enforcement proceedings\u2026[\/vc_column_text][vc_separator type=&#8221;transparent&#8221; position=&#8221;center&#8221; up=&#8221;0&#8243; down=&#8221;20&#8243;][\/vc_column][vc_column width=&#8221;1\/3&#8243;][vc_separator type=&#8221;transparent&#8221; position=&#8221;center&#8221; up=&#8221;7&#8243; down=&#8221;0&#8243;][vc_single_image image=&#8221;15728&#8243; img_link_target=&#8221;_self&#8221; qode_css_animation=&#8221;element_from_left&#8221; transition_delay=&#8221;0.3&#8243; img_size=&#8221;full&#8221; border_color=&#8221;grey&#8221; img_link_large=&#8221;&#8221;][vc_separator type=&#8221;transparent&#8221; position=&#8221;center&#8221; up=&#8221;15&#8243; down=&#8221;0&#8243;][\/vc_column][\/vc_row][vc_row][vc_column width=&#8221;1\/1&#8243;][vc_separator type=&#8221;transparent&#8221; position=&#8221;center&#8221; up=&#8221;0&#8243; down=&#8221;0&#8243;][\/vc_column][\/vc_row][vc_row row_type=&#8221;row&#8221; type=&#8221;grid&#8221; text_align=&#8221;left&#8221; padding_top=&#8221;87&#8243; background_color=&#8221;#ffffff&#8221;][vc_column width=&#8221;1\/3&#8243;][vc_separator type=&#8221;transparent&#8221; position=&#8221;center&#8221; up=&#8221;7&#8243; down=&#8221;0&#8243;][vc_single_image image=&#8221;15729&#8243; img_link_target=&#8221;_self&#8221; qode_css_animation=&#8221;element_from_right&#8221; transition_delay=&#8221;0.3&#8243; img_size=&#8221;full&#8221; border_color=&#8221;grey&#8221; img_link_large=&#8221;&#8221;][\/vc_column][vc_column width=&#8221;2\/3&#8243;][vc_separator type=&#8221;transparent&#8221; position=&#8221;center&#8221; up=&#8221;4&#8243; down=&#8221;0&#8243;][vc_column_text]<\/p>\n<h3 style=\"text-align: left;\">LABOR LAW<\/h3>\n<p>[\/vc_column_text][vc_separator type=&#8221;small&#8221; position=&#8221;left&#8221; down=&#8221;20&#8243; up=&#8221;20&#8243;][vc_column_text]Responsibilities<wbr \/>, Applications, Agreements Regarding Employee-Employe<wbr \/>r Relationships, Resolution of Disputes Arising From Labor Law\u2026[\/vc_column_text][vc_separator type=&#8221;transparent&#8221; position=&#8221;center&#8221; up=&#8221;0&#8243; down=&#8221;20&#8243;][\/vc_column][\/vc_row][vc_row row_type=&#8221;row&#8221; type=&#8221;full_width&#8221; text_align=&#8221;left&#8221; background_color=&#8221;#ffffff&#8221;][vc_column width=&#8221;1\/1&#8243;][vc_separator type=&#8221;transparent&#8221; position=&#8221;center&#8221; up=&#8221;0&#8243; down=&#8221;0&#8243;][\/vc_column][\/vc_row][vc_row row_type=&#8221;row&#8221; type=&#8221;grid&#8221; text_align=&#8221;left&#8221; padding_top=&#8221;87&#8243;][vc_column width=&#8221;1\/3&#8243;][vc_separator type=&#8221;transparent&#8221; position=&#8221;center&#8221; up=&#8221;7&#8243; down=&#8221;0&#8243;][vc_single_image image=&#8221;15730&#8243; img_link_target=&#8221;_self&#8221; qode_css_animation=&#8221;element_from_left&#8221; transition_delay=&#8221;0.3&#8243; img_size=&#8221;full&#8221; border_color=&#8221;grey&#8221; img_link_large=&#8221;&#8221;][vc_separator type=&#8221;transparent&#8221; position=&#8221;center&#8221; up=&#8221;15&#8243; down=&#8221;0&#8243;][\/vc_column][vc_column width=&#8221;2\/3&#8243;][vc_separator type=&#8221;transparent&#8221; position=&#8221;center&#8221; up=&#8221;4&#8243; down=&#8221;0&#8243;][vc_column_text]<\/p>\n<h3 style=\"text-align: left;\">COMMERCIAL LAW<\/h3>\n<p>[\/vc_column_text][vc_separator type=&#8221;small&#8221; position=&#8221;left&#8221; down=&#8221;20&#8243; up=&#8221;20&#8243;][vc_column_text]Negotiable Instruments Law, Joint-Stock and Limited Companies, Company Establishment and Liquidation, Company Articles of Association, Capital Structuring\u2026[\/vc_column_text][vc_separator type=&#8221;transparent&#8221; position=&#8221;center&#8221; up=&#8221;0&#8243; down=&#8221;20&#8243;][\/vc_column][\/vc_row][vc_row row_type=&#8221;row&#8221; use_row_as_full_screen_section=&#8221;no&#8221; type=&#8221;grid&#8221; header_style=&#8221;&#8221; parallax_content_width=&#8221;in_grid&#8221; anchor=&#8221;&#8221; in_content_menu=&#8221;&#8221; content_menu_title=&#8221;&#8221; content_menu_icon=&#8221;&#8221; angled_section=&#8221;no&#8221; angled_section_position=&#8221;both&#8221; angled_section_direction=&#8221;from_left_to_right&#8221; text_align=&#8221;left&#8221; video=&#8221;&#8221; video_overlay=&#8221;&#8221; video_overlay_image=&#8221;&#8221; video_webm=&#8221;&#8221; video_mp4=&#8221;&#8221; video_ogv=&#8221;&#8221; video_image=&#8221;&#8221; background_image=&#8221;&#8221; background_image_as_pattern=&#8221;without_pattern&#8221; section_height=&#8221;&#8221; parallax_speed=&#8221;&#8221; background_color=&#8221;&#8221; border_color=&#8221;&#8221; row_negative_margin=&#8221;&#8221; side_padding=&#8221;&#8221; parallax_side_padding=&#8221;&#8221; padding_top=&#8221;87&#8243; padding_bottom=&#8221;&#8221; color=&#8221;&#8221; hover_color=&#8221;&#8221; more_button_label=&#8221;&#8221; less_button_label=&#8221;&#8221; button_position=&#8221;&#8221; css_animation=&#8221;&#8221; transition_delay=&#8221;&#8221; el_id=&#8221;&#8221;][vc_column width=&#8221;1\/3&#8243;][vc_separator type=&#8221;transparent&#8221; position=&#8221;center&#8221; color=&#8221;&#8221; transparency=&#8221;&#8221; thickness=&#8221;&#8221; width=&#8221;&#8221; width_in_percentages=&#8221;&#8221; up=&#8221;7&#8243; down=&#8221;0&#8243;][\/vc_column][vc_column width=&#8221;2\/3&#8243;][vc_separator type=&#8221;transparent&#8221; position=&#8221;center&#8221; color=&#8221;&#8221; transparency=&#8221;&#8221; thickness=&#8221;&#8221; width=&#8221;&#8221; width_in_percentages=&#8221;&#8221; up=&#8221;4&#8243; down=&#8221;0&#8243;][\/vc_column][\/vc_row][vc_row row_type=&#8221;row&#8221; use_row_as_full_screen_section=&#8221;no&#8221; type=&#8221;grid&#8221; header_style=&#8221;&#8221; parallax_content_width=&#8221;in_grid&#8221; anchor=&#8221;&#8221; in_content_menu=&#8221;&#8221; content_menu_title=&#8221;&#8221; content_menu_icon=&#8221;&#8221; angled_section=&#8221;no&#8221; angled_section_position=&#8221;both&#8221; angled_section_direction=&#8221;from_left_to_right&#8221; text_align=&#8221;left&#8221; video=&#8221;&#8221; video_overlay=&#8221;&#8221; video_overlay_image=&#8221;&#8221; video_webm=&#8221;&#8221; video_mp4=&#8221;&#8221; video_ogv=&#8221;&#8221; video_image=&#8221;&#8221; background_image=&#8221;&#8221; background_image_as_pattern=&#8221;without_pattern&#8221; section_height=&#8221;&#8221; parallax_speed=&#8221;&#8221; background_color=&#8221;&#8221; border_color=&#8221;&#8221; row_negative_margin=&#8221;&#8221; side_padding=&#8221;&#8221; parallax_side_padding=&#8221;&#8221; padding_top=&#8221;87&#8243; padding_bottom=&#8221;&#8221; color=&#8221;&#8221; hover_color=&#8221;&#8221; more_button_label=&#8221;&#8221; less_button_label=&#8221;&#8221; button_position=&#8221;&#8221; css_animation=&#8221;&#8221; transition_delay=&#8221;&#8221; el_id=&#8221;&#8221;][vc_column width=&#8221;2\/3&#8243;][vc_separator type=&#8221;transparent&#8221; position=&#8221;center&#8221; color=&#8221;&#8221; transparency=&#8221;&#8221; thickness=&#8221;&#8221; width=&#8221;&#8221; width_in_percentages=&#8221;&#8221; up=&#8221;4&#8243; down=&#8221;0&#8243;][vc_column_text]<\/p>\n<h3 style=\"text-align: left;\">PROPERTY LAW<\/h3>\n<p>[\/vc_column_text][vc_separator type=&#8221;small&#8221; position=&#8221;left&#8221; color=&#8221;&#8221; transparency=&#8221;&#8221; thickness=&#8221;&#8221; width=&#8221;&#8221; width_in_percentages=&#8221;&#8221; up=&#8221;20&#8243; down=&#8221;20&#8243;][vc_column_text]Floor Contracts, Urban Transformation, Expropriation, Legal and Actual Handling without Expropriation, Use and Benefit of Shared Financing &#8230;[\/vc_column_text][vc_separator type=&#8221;transparent&#8221; position=&#8221;center&#8221; color=&#8221;&#8221; transparency=&#8221;&#8221; thickness=&#8221;&#8221; width=&#8221;&#8221; width_in_percentages=&#8221;&#8221; up=&#8221;0&#8243; down=&#8221;20&#8243;][\/vc_column][vc_column width=&#8221;1\/3&#8243;][vc_separator type=&#8221;transparent&#8221; position=&#8221;center&#8221; color=&#8221;&#8221; transparency=&#8221;&#8221; thickness=&#8221;&#8221; width=&#8221;&#8221; width_in_percentages=&#8221;&#8221; up=&#8221;7&#8243; down=&#8221;0&#8243;][vc_single_image image=&#8221;15931&#8243; border_color=&#8221;grey&#8221; img_link_large=&#8221;&#8221; img_link_target=&#8221;_self&#8221; qode_css_animation=&#8221;element_from_left&#8221; transition_delay=&#8221;0.3&#8243; img_size=&#8221;full&#8221;][vc_separator type=&#8221;transparent&#8221; position=&#8221;center&#8221; color=&#8221;&#8221; transparency=&#8221;&#8221; thickness=&#8221;&#8221; width=&#8221;&#8221; width_in_percentages=&#8221;&#8221; up=&#8221;15&#8243; down=&#8221;0&#8243;][\/vc_column][\/vc_row][vc_row row_type=&#8221;row&#8221; use_row_as_full_screen_section=&#8221;no&#8221; type=&#8221;grid&#8221; header_style=&#8221;&#8221; parallax_content_width=&#8221;in_grid&#8221; anchor=&#8221;&#8221; in_content_menu=&#8221;&#8221; content_menu_title=&#8221;&#8221; content_menu_icon=&#8221;&#8221; angled_section=&#8221;no&#8221; angled_section_position=&#8221;both&#8221; angled_section_direction=&#8221;from_left_to_right&#8221; text_align=&#8221;left&#8221; video=&#8221;&#8221; video_overlay=&#8221;&#8221; video_overlay_image=&#8221;&#8221; video_webm=&#8221;&#8221; video_mp4=&#8221;&#8221; video_ogv=&#8221;&#8221; video_image=&#8221;&#8221; background_image=&#8221;&#8221; background_image_as_pattern=&#8221;without_pattern&#8221; section_height=&#8221;&#8221; parallax_speed=&#8221;&#8221; background_color=&#8221;#ffffff&#8221; border_color=&#8221;&#8221; row_negative_margin=&#8221;&#8221; side_padding=&#8221;&#8221; parallax_side_padding=&#8221;&#8221; padding_top=&#8221;87&#8243; padding_bottom=&#8221;&#8221; color=&#8221;&#8221; hover_color=&#8221;&#8221; more_button_label=&#8221;&#8221; less_button_label=&#8221;&#8221; button_position=&#8221;&#8221; css_animation=&#8221;&#8221; transition_delay=&#8221;&#8221; el_id=&#8221;&#8221;][vc_column width=&#8221;1\/3&#8243;][vc_separator type=&#8221;transparent&#8221; position=&#8221;center&#8221; color=&#8221;&#8221; transparency=&#8221;&#8221; thickness=&#8221;&#8221; width=&#8221;&#8221; width_in_percentages=&#8221;&#8221; up=&#8221;7&#8243; down=&#8221;0&#8243;][vc_single_image image=&#8221;15933&#8243; border_color=&#8221;grey&#8221; img_link_large=&#8221;&#8221; img_link_target=&#8221;_self&#8221; qode_css_animation=&#8221;element_from_right&#8221; transition_delay=&#8221;0.3&#8243; img_size=&#8221;full&#8221;][vc_separator type=&#8221;transparent&#8221; position=&#8221;center&#8221; color=&#8221;&#8221; transparency=&#8221;&#8221; thickness=&#8221;&#8221; width=&#8221;&#8221; width_in_percentages=&#8221;&#8221; up=&#8221;7&#8243; down=&#8221;0&#8243;][\/vc_column][vc_column width=&#8221;2\/3&#8243;][vc_separator type=&#8221;transparent&#8221; position=&#8221;center&#8221; color=&#8221;&#8221; transparency=&#8221;&#8221; thickness=&#8221;&#8221; width=&#8221;&#8221; width_in_percentages=&#8221;&#8221; up=&#8221;4&#8243; down=&#8221;0&#8243;][vc_column_text]<\/p>\n<h3 style=\"text-align: left;\">FOREGINERS LAW<\/h3>\n<p>[\/vc_column_text][vc_separator type=&#8221;small&#8221; position=&#8221;left&#8221; color=&#8221;&#8221; transparency=&#8221;&#8221; thickness=&#8221;&#8221; width=&#8221;&#8221; width_in_percentages=&#8221;&#8221; up=&#8221;20&#8243; down=&#8221;20&#8243;][vc_column_text]Foreigners Law means the full extent of regulations covering foreigners according to the Turkish Legal System and the inclusion of international laws\u2026[\/vc_column_text][vc_separator type=&#8221;transparent&#8221; position=&#8221;center&#8221; color=&#8221;&#8221; transparency=&#8221;&#8221; thickness=&#8221;&#8221; width=&#8221;&#8221; width_in_percentages=&#8221;&#8221; up=&#8221;0&#8243; down=&#8221;20&#8243;][\/vc_column][\/vc_row][vc_row row_type=&#8221;row&#8221; type=&#8221;full_width&#8221; text_align=&#8221;left&#8221;][vc_column width=&#8221;1\/1&#8243;][vc_separator type=&#8221;transparent&#8221; position=&#8221;center&#8221; up=&#8221;94&#8243; down=&#8221;0&#8243;][\/vc_column][\/vc_row]<\/p>\n<\/section>","protected":false},"excerpt":{"rendered":"<p>[vc_row row_type=&#8221;row&#8221; type=&#8221;grid&#8221; text_align=&#8221;left&#8221; padding_top=&#8221;87&#8243;][vc_column width=&#8221;1\/3&#8243;][vc_separator type=&#8221;transparent&#8221; position=&#8221;center&#8221; up=&#8221;7&#8243; down=&#8221;0&#8243;][vc_single_image image=&#8221;15726&#8243; img_link_target=&#8221;_self&#8221; qode_css_animation=&#8221;element_from_left&#8221; transition_delay=&#8221;0.3&#8243; img_size=&#8221;full&#8221; border_color=&#8221;grey&#8221; img_link_large=&#8221;&#8221;][vc_separator type=&#8221;transparent&#8221; position=&#8221;center&#8221; up=&#8221;15&#8243; down=&#8221;0&#8243;][\/vc_column][vc_column width=&#8221;2\/3&#8243;][vc_separator type=&#8221;transparent&#8221; position=&#8221;center&#8221; up=&#8221;4&#8243; down=&#8221;0&#8243;][vc_column_text] CRIMINAL LAW [\/vc_column_text][vc_separator type=&#8221;small&#8221; position=&#8221;left&#8221; down=&#8221;20&#8243; up=&#8221;20&#8243;][vc_column_text]Voluntary Manslaughter, Involuntary Manslaughter, Intentional Injury, Reckless Injury, Offense of Threat, Extortion, Deprivation&#8230;<\/p>\n","protected":false},"author":1,"featured_media":0,"parent":0,"menu_order":0,"comment_status":"open","ping_status":"open","template":"full_width.php","meta":[],"yoast_head":"<!-- This site is optimized with the Yoast SEO plugin v18.3 - https:\/\/yoast.com\/wordpress\/plugins\/seo\/ -->\n<title>Our Process - A\u015eIKO\u011eLU LAW OFF\u0130CE<\/title>\n<meta name=\"robots\" content=\"index, follow, max-snippet:-1, max-image-preview:large, max-video-preview:-1\" \/>\n<link rel=\"canonical\" href=\"https:\/\/asikogluhukukburosu.com\/en\/our-process\/\" \/>\n<meta property=\"og:locale\" content=\"en_US\" \/>\n<meta property=\"og:type\" content=\"article\" \/>\n<meta property=\"og:title\" content=\"Our Process - A\u015eIKO\u011eLU LAW OFF\u0130CE\" \/>\n<meta property=\"og:description\" content=\"[vc_row row_type=&#8221;row&#8221; type=&#8221;grid&#8221; text_align=&#8221;left&#8221; padding_top=&#8221;87&#8243;][vc_column width=&#8221;1\/3&#8243;][vc_separator type=&#8221;transparent&#8221; position=&#8221;center&#8221; up=&#8221;7&#8243; down=&#8221;0&#8243;][vc_single_image image=&#8221;15726&#8243; img_link_target=&#8221;_self&#8221; qode_css_animation=&#8221;element_from_left&#8221; transition_delay=&#8221;0.3&#8243; img_size=&#8221;full&#8221; border_color=&#8221;grey&#8221; img_link_large=&#8221;&#8221;][vc_separator type=&#8221;transparent&#8221; position=&#8221;center&#8221; up=&#8221;15&#8243; down=&#8221;0&#8243;][\/vc_column][vc_column width=&#8221;2\/3&#8243;][vc_separator type=&#8221;transparent&#8221; position=&#8221;center&#8221; up=&#8221;4&#8243; down=&#8221;0&#8243;][vc_column_text] CRIMINAL LAW [\/vc_column_text][vc_separator type=&#8221;small&#8221; position=&#8221;left&#8221; down=&#8221;20&#8243; up=&#8221;20&#8243;][vc_column_text]Voluntary Manslaughter, Involuntary Manslaughter, Intentional Injury, Reckless Injury, Offense of Threat, Extortion, Deprivation...\" \/>\n<meta property=\"og:url\" content=\"https:\/\/asikogluhukukburosu.com\/en\/our-process\/\" \/>\n<meta property=\"og:site_name\" content=\"A\u015eIKO\u011eLU LAW OFF\u0130CE\" \/>\n<meta property=\"article:modified_time\" content=\"2018-03-20T15:13:18+00:00\" \/>\n<meta name=\"twitter:card\" content=\"summary_large_image\" \/>\n<meta name=\"twitter:label1\" content=\"Est. reading time\" \/>\n\t<meta name=\"twitter:data1\" content=\"6 minutes\" \/>\n<script type=\"application\/ld+json\" class=\"yoast-schema-graph\">{\"@context\":\"https:\/\/schema.org\",\"@graph\":[{\"@type\":\"WebSite\",\"@id\":\"https:\/\/asikogluhukukburosu.com\/en\/#website\",\"url\":\"https:\/\/asikogluhukukburosu.com\/en\/\",\"name\":\"A\u015eIKO\u011eLU LAW OFF\u0130CE\",\"description\":\"Mehmet A\u015f\u0131ko\u011flu\",\"potentialAction\":[{\"@type\":\"SearchAction\",\"target\":{\"@type\":\"EntryPoint\",\"urlTemplate\":\"https:\/\/asikogluhukukburosu.com\/en\/?s={search_term_string}\"},\"query-input\":\"required name=search_term_string\"}],\"inLanguage\":\"en-US\"},{\"@type\":\"WebPage\",\"@id\":\"https:\/\/asikogluhukukburosu.com\/en\/our-process\/#webpage\",\"url\":\"https:\/\/asikogluhukukburosu.com\/en\/our-process\/\",\"name\":\"Our Process - A\u015eIKO\u011eLU LAW OFF\u0130CE\",\"isPartOf\":{\"@id\":\"https:\/\/asikogluhukukburosu.com\/en\/#website\"},\"datePublished\":\"2014-03-26T14:44:33+00:00\",\"dateModified\":\"2018-03-20T15:13:18+00:00\",\"breadcrumb\":{\"@id\":\"https:\/\/asikogluhukukburosu.com\/en\/our-process\/#breadcrumb\"},\"inLanguage\":\"en-US\",\"potentialAction\":[{\"@type\":\"ReadAction\",\"target\":[\"https:\/\/asikogluhukukburosu.com\/en\/our-process\/\"]}]},{\"@type\":\"BreadcrumbList\",\"@id\":\"https:\/\/asikogluhukukburosu.com\/en\/our-process\/#breadcrumb\",\"itemListElement\":[{\"@type\":\"ListItem\",\"position\":1,\"name\":\"Home\",\"item\":\"https:\/\/asikogluhukukburosu.com\/en\/\"},{\"@type\":\"ListItem\",\"position\":2,\"name\":\"Our Process\"}]}]}<\/script>\n<!-- \/ Yoast SEO plugin. -->","yoast_head_json":{"title":"Our Process - A\u015eIKO\u011eLU LAW OFF\u0130CE","robots":{"index":"index","follow":"follow","max-snippet":"max-snippet:-1","max-image-preview":"max-image-preview:large","max-video-preview":"max-video-preview:-1"},"canonical":"https:\/\/asikogluhukukburosu.com\/en\/our-process\/","og_locale":"en_US","og_type":"article","og_title":"Our Process - A\u015eIKO\u011eLU LAW OFF\u0130CE","og_description":"[vc_row row_type=&#8221;row&#8221; type=&#8221;grid&#8221; text_align=&#8221;left&#8221; padding_top=&#8221;87&#8243;][vc_column width=&#8221;1\/3&#8243;][vc_separator type=&#8221;transparent&#8221; position=&#8221;center&#8221; up=&#8221;7&#8243; down=&#8221;0&#8243;][vc_single_image image=&#8221;15726&#8243; img_link_target=&#8221;_self&#8221; qode_css_animation=&#8221;element_from_left&#8221; transition_delay=&#8221;0.3&#8243; img_size=&#8221;full&#8221; border_color=&#8221;grey&#8221; img_link_large=&#8221;&#8221;][vc_separator type=&#8221;transparent&#8221; position=&#8221;center&#8221; up=&#8221;15&#8243; down=&#8221;0&#8243;][\/vc_column][vc_column width=&#8221;2\/3&#8243;][vc_separator type=&#8221;transparent&#8221; position=&#8221;center&#8221; up=&#8221;4&#8243; down=&#8221;0&#8243;][vc_column_text] CRIMINAL LAW [\/vc_column_text][vc_separator type=&#8221;small&#8221; position=&#8221;left&#8221; down=&#8221;20&#8243; up=&#8221;20&#8243;][vc_column_text]Voluntary Manslaughter, Involuntary Manslaughter, Intentional Injury, Reckless Injury, Offense of Threat, Extortion, Deprivation...","og_url":"https:\/\/asikogluhukukburosu.com\/en\/our-process\/","og_site_name":"A\u015eIKO\u011eLU LAW OFF\u0130CE","article_modified_time":"2018-03-20T15:13:18+00:00","twitter_card":"summary_large_image","twitter_misc":{"Est. reading time":"6 minutes"},"schema":{"@context":"https:\/\/schema.org","@graph":[{"@type":"WebSite","@id":"https:\/\/asikogluhukukburosu.com\/en\/#website","url":"https:\/\/asikogluhukukburosu.com\/en\/","name":"A\u015eIKO\u011eLU LAW OFF\u0130CE","description":"Mehmet A\u015f\u0131ko\u011flu","potentialAction":[{"@type":"SearchAction","target":{"@type":"EntryPoint","urlTemplate":"https:\/\/asikogluhukukburosu.com\/en\/?s={search_term_string}"},"query-input":"required name=search_term_string"}],"inLanguage":"en-US"},{"@type":"WebPage","@id":"https:\/\/asikogluhukukburosu.com\/en\/our-process\/#webpage","url":"https:\/\/asikogluhukukburosu.com\/en\/our-process\/","name":"Our Process - A\u015eIKO\u011eLU LAW OFF\u0130CE","isPartOf":{"@id":"https:\/\/asikogluhukukburosu.com\/en\/#website"},"datePublished":"2014-03-26T14:44:33+00:00","dateModified":"2018-03-20T15:13:18+00:00","breadcrumb":{"@id":"https:\/\/asikogluhukukburosu.com\/en\/our-process\/#breadcrumb"},"inLanguage":"en-US","potentialAction":[{"@type":"ReadAction","target":["https:\/\/asikogluhukukburosu.com\/en\/our-process\/"]}]},{"@type":"BreadcrumbList","@id":"https:\/\/asikogluhukukburosu.com\/en\/our-process\/#breadcrumb","itemListElement":[{"@type":"ListItem","position":1,"name":"Home","item":"https:\/\/asikogluhukukburosu.com\/en\/"},{"@type":"ListItem","position":2,"name":"Our Process"}]}]}},"_links":{"self":[{"href":"https:\/\/asikogluhukukburosu.com\/en\/wp-json\/wp\/v2\/pages\/14093"}],"collection":[{"href":"https:\/\/asikogluhukukburosu.com\/en\/wp-json\/wp\/v2\/pages"}],"about":[{"href":"https:\/\/asikogluhukukburosu.com\/en\/wp-json\/wp\/v2\/types\/page"}],"author":[{"embeddable":true,"href":"https:\/\/asikogluhukukburosu.com\/en\/wp-json\/wp\/v2\/users\/1"}],"replies":[{"embeddable":true,"href":"https:\/\/asikogluhukukburosu.com\/en\/wp-json\/wp\/v2\/comments?post=14093"}],"version-history":[{"count":6,"href":"https:\/\/asikogluhukukburosu.com\/en\/wp-json\/wp\/v2\/pages\/14093\/revisions"}],"predecessor-version":[{"id":15998,"href":"https:\/\/asikogluhukukburosu.com\/en\/wp-json\/wp\/v2\/pages\/14093\/revisions\/15998"}],"wp:attachment":[{"href":"https:\/\/asikogluhukukburosu.com\/en\/wp-json\/wp\/v2\/media?parent=14093"}],"curies":[{"name":"wp","href":"https:\/\/api.w.org\/{rel}","templated":true}]}}